{"id":8,"date":"2017-12-21T15:11:04","date_gmt":"2017-12-21T15:11:04","guid":{"rendered":"http:\/\/des.hhos.ru.s26.hhos.ru\/wp\/?page_id=8"},"modified":"2021-08-10T23:06:40","modified_gmt":"2021-08-10T23:06:40","slug":"homepage-layout-1","status":"publish","type":"page","link":"https:\/\/electrostarsrl.com\/","title":{"rendered":"Homepage Layout 1"},"content":{"rendered":"<p>[vc_row][vc_column][rev_slider_vc alias=\u00bbslider1&#8243;][\/vc_column][\/vc_row][vc_row full_width=\u00bbstretch_row_content_no_spaces\u00bb content_width=\u00bbextra-width-2&#8243; css=\u00bb.vc_custom_1514037934011{margin-top: 0px !important;margin-bottom: 0px !important;padding-top: 90px !important;padding-bottom: 90px !important;}\u00bb][vc_column width=\u00bb5\/12&#8243;][vc_custom_heading text=\u00bb\u00bfQUE OFRECEMOS?\u00bb font_container=\u00bbtag:h5|font_size:18|text_align:left|color:%23003056|line_height:24px\u00bb el_class=\u00bbsection-sub-title\u00bb][vc_custom_heading text=\u00bbMateriales El\u00e9ctricos\u00bb font_container=\u00bbtag:h2|text_align:left|color:%23003056&#8243; el_class=\u00bbsection-title\u00bb][vc_column_text css=\u00bb.vc_custom_1531831582817{margin-bottom: 30px !important;padding-bottom: 0px !important;}\u00bb]<\/p>\n<p class=\"text-size-medium\">Nuestra meta desde siempre ha sido el de crear una empresa competitiva, activa e innovadora, lo que sin duda avala nuestra labor y a la vez nos obliga a estar siempre atentos a las evoluciones de nuestro mercado.<br \/>\nLa trayectoria creciente de la empresa desde su fundaci\u00f3n en todos los aspectos nos ha permitido ir mejorando la calidad de servicio siendo esta una de nuestras principales preocupaciones.<\/p>\n<p>Electro Star brinda soluciones a todo tipo de clientes desde el instalador hasta grandes empresas, aportando a cada tipo de cliente la soluci\u00f3n a sus necesidades en el preciso momento, siendo el servicio el valor m\u00e1s apreciado por nosotros sin descuidar por ello la relaci\u00f3n calidad-precio.[\/vc_column_text][vc_mad_btn title=\u00bbConocenos\u00bb size=\u00bbbtn-small\u00bb icon=\u00bb\u00bb link=\u00bburl:%23||target:%20_blank|\u00bb][\/vc_column][vc_column width=\u00bb7\/12&#8243;][vc_single_image image=\u00bb1217&#8243; img_size=\u00bbfull\u00bb alignment=\u00bbcenter\u00bb][\/vc_column][\/vc_row][vc_row full_width=\u00bbstretch_row_content_no_spaces\u00bb content_width=\u00bbextra-width-2&#8243; css=\u00bb.vc_custom_1514045780921{margin-top: 0px !important;margin-bottom: 0px !important;padding-top: 90px !important;padding-bottom: 90px !important;background-color: #f2f2f2 !important;}\u00bb][vc_column][vc_mad_services tag_title=\u00bbh2&#8243; title_align=\u00bbalign-center\u00bb description_align=\u00bbalign-center\u00bb items=\u00bb12&#8243; subtitle=\u00bbAMPLIA GAMA DE PRODUCTOS\u00bb title=\u00bbAtenci\u00f3n a Empresas y Obras\u00bb categories=\u00bb10,12,20,23,30&#8243;][\/vc_column][\/vc_row][vc_row full_width=\u00bbstretch_row_content_no_spaces\u00bb content_width=\u00bbextra-width-2&#8243; css=\u00bb.vc_custom_1514037934011{margin-top: 0px !important;margin-bottom: 0px !important;padding-top: 90px !important;padding-bottom: 90px !important;}\u00bb][vc_column width=\u00bb5\/12&#8243;][vc_column_text css=\u00bb.vc_custom_1534176600990{margin-bottom: 30px !important;padding-bottom: 0px !important;}\u00bb]<\/p>\n<h2>Nuestra Logistica<\/h2>\n<h4>Servicio Puerta a Puerta. Hac\u00e9 tu pedido y nosotros te lo llevamos a tu Obra.<\/h4>\n<p>Inicialmente comenzamos cubriendo la provincia de Buenos Aires y poco a poco fuimos dando peque\u00f1os saltos para poder crear una red de ventas que abarque todos los puntos de nuestro pais Argentina.<\/p>\n<p>Contamos con un sistema de toma de pedidos formado con la \u00faltima\u00a0tecnolog\u00eda, el cual es supervisado por nuestros agentes especializados\u00a0, quienes permiten que la\u00a0mercader\u00eda\u00a0sea entregada 24 hs.\u00a0despu\u00e9s\u00a0de realizado el pedido.<\/p>\n<p>Para el mismo contamos con modernas unidades que garantizaran la entrega de sus materiales en tiempo y forma<\/p>\n<p>Tenga todos los materiales que necesita siempre a tiempo evitando atrasos en su obra.[\/vc_column_text][vc_mad_btn title=\u00bbConocenos\u00bb size=\u00bbbtn-small\u00bb icon=\u00bb\u00bb link=\u00bburl:%23||target:%20_blank|\u00bb][\/vc_column][vc_column width=\u00bb7\/12&#8243;][vc_single_image image=\u00bb1089&#8243; img_size=\u00bbfull\u00bb alignment=\u00bbcenter\u00bb][\/vc_column][\/vc_row][vc_row css=\u00bb.vc_custom_1514277652281{margin-top: 0px !important;margin-bottom: 0px !important;padding-top: 60px !important;padding-bottom: 60px !important;}\u00bb][vc_column][vc_mad_brands_logo images=\u00bb1070,1069,1068,1072,1078,1077,1076,1075,1073&#8243; carousel=\u00bb1&#8243; autoplay=\u00bbyes\u00bb autoplaytimeout=\u00bb7000&#8243;][\/vc_column][\/vc_row][vc_row full_width=\u00bbstretch_row\u00bb css=\u00bb.vc_custom_1531836814570{margin-top: 0px !important;margin-bottom: 0px !important;padding-top: 45px !important;padding-bottom: 35px !important;background-color: #ec008c !important;}\u00bb][vc_column][vc_mad_cta h2=\u00bb\u00bfNecesita asesoramiento? Comuniquese al: (011) 15 6460 6266&#8243; p=\u00bbPruebe nuestra atenci\u00f3n comercial y t\u00e9cnica totalmente personalizada\u00bb custom_text=\u00bb#ffffff\u00bb subheading_text=\u00bb#ffffff\u00bb][\/vc_column][\/vc_row][vc_row full_width=\u00bbstretch_row_content_no_spaces\u00bb css=\u00bb.vc_custom_1628636539926{margin-top: 0px !important;border-top-width: 0px !important;padding-top: 0px !important;}\u00bb][vc_column][vc_column_text]<iframe loading=\"lazy\" style=\"border: 0;\" src=\"https:\/\/www.google.com\/maps\/embed?pb=!1m14!1m8!1m3!1d13113.482930682301!2d-58.2271179!3d-34.7462528!3m2!1i1024!2i768!4f13.1!3m3!1m2!1s0x0%3A0xee15ddb6c9434096!2sELECTRO%20STAR!5e0!3m2!1ses!2sar!4v1628636267233!5m2!1ses!2sar\" width=\"100%\" height=\"350\" allowfullscreen=\"allowfullscreen\"><\/iframe>[\/vc_column_text][\/vc_column][\/vc_row][vc_row full_width=\u00bbstretch_row_content_no_spaces\u00bb parallax=\u00bbcontent-moving\u00bb parallax_image=\u00bb365&#8243;][vc_column width=\u00bb1\/2&#8243; css=\u00bb.vc_custom_1531925280983{padding-top: 50px !important;padding-right: 10px !important;padding-bottom: 25px !important;padding-left: 60px !important;}\u00bb][vc_column_text]<\/p>\n<h3 style=\"color: #ffffff; text-align: left;\">Nuestra informaci\u00f3n de contacto<\/h3>\n<p>[\/vc_column_text][vc_mad_contact_info show_social=\u00bb1&#8243; phone=\u00bb(011) 4509-0681 \/ CEL: 1164606266&#8243; mail=\u00bbventas@electrostarsrl.com.ar\u00bb time=\u00bbLUN A VIE: 8:30 a 12:30 y de 14 a 18 hs<br \/>\nSAB: 9 a 13 hs\u00bb facebook_link=\u00bb#\u00bb instagram_link=\u00bb#\u00bb]<\/p>\n<p style=\"text-align: left;\">Estamos en Av. Mitre 5111, Ezpeleta, Bs. As.<\/p>\n<p>[\/vc_mad_contact_info][\/vc_column][vc_column width=\u00bb1\/2&#8243;][vc_mad_services_form form_add=\u00bb`{`contact-form-7 id=\u00ab87\u00ab title=\u00abService form\u00ab`}`\u00bb title=\u00bbConsultas\u00bb][\/vc_column][\/vc_row]<\/p>\n","protected":false},"excerpt":{"rendered":"<p>[vc_row][vc_column][rev_slider_vc alias=\u00bbslider1&#8243;][\/vc_column][\/vc_row][vc_row full_width=\u00bbstretch_row_content_no_spaces\u00bb content_width=\u00bbextra-width-2&#8243; css=\u00bb.vc_custom_1514037934011{margin-top: 0px !important;margin-bottom: 0px !important;padding-top: 90px !important;padding-bottom: 90px !important;}\u00bb][vc_column width=\u00bb5\/12&#8243;][vc_custom_heading text=\u00bb\u00bfQUE OFRECEMOS?\u00bb font_container=\u00bbtag:h5|font_size:18|text_align:left|color:%23003056|line_height:24px\u00bb el_class=\u00bbsection-sub-title\u00bb][vc_custom_heading text=\u00bbMateriales El\u00e9ctricos\u00bb font_container=\u00bbtag:h2|text_align:left|color:%23003056&#8243; el_class=\u00bbsection-title\u00bb][vc_column_text css=\u00bb.vc_custom_1531831582817{margin-bottom: 30px !important;padding-bottom: 0px !important;}\u00bb] Nuestra meta desde siempre ha sido el de crear una empresa competitiva, activa e innovadora, lo que sin duda avala nuestra labor y a la vez nos obliga [&hellip;]<\/p>\n","protected":false},"author":1,"featured_media":0,"parent":0,"menu_order":0,"comment_status":"closed","ping_status":"closed","template":"","meta":{"_joinchat":[],"footnotes":""},"_links":{"self":[{"href":"https:\/\/electrostarsrl.com\/index.php?rest_route=\/wp\/v2\/pages\/8"}],"collection":[{"href":"https:\/\/electrostarsrl.com\/index.php?rest_route=\/wp\/v2\/pages"}],"about":[{"href":"https:\/\/electrostarsrl.com\/index.php?rest_route=\/wp\/v2\/types\/page"}],"author":[{"embeddable":true,"href":"https:\/\/electrostarsrl.com\/index.php?rest_route=\/wp\/v2\/users\/1"}],"replies":[{"embeddable":true,"href":"https:\/\/electrostarsrl.com\/index.php?rest_route=%2Fwp%2Fv2%2Fcomments&post=8"}],"version-history":[{"count":51,"href":"https:\/\/electrostarsrl.com\/index.php?rest_route=\/wp\/v2\/pages\/8\/revisions"}],"predecessor-version":[{"id":1317,"href":"https:\/\/electrostarsrl.com\/index.php?rest_route=\/wp\/v2\/pages\/8\/revisions\/1317"}],"wp:attachment":[{"href":"https:\/\/electrostarsrl.com\/index.php?rest_route=%2Fwp%2Fv2%2Fmedia&parent=8"}],"curies":[{"name":"wp","href":"https:\/\/api.w.org\/{rel}","templated":true}]}}