{"id":136,"date":"2017-12-26T17:34:25","date_gmt":"2017-12-26T17:34:25","guid":{"rendered":"http:\/\/des.hhos.ru.s26.hhos.ru\/wp\/?page_id=136"},"modified":"2021-08-06T15:37:20","modified_gmt":"2021-08-06T15:37:20","slug":"about","status":"publish","type":"page","link":"https:\/\/electrostarsrl.com\/?page_id=136","title":{"rendered":"La Empresa"},"content":{"rendered":"<p>[vc_row full_width=\u00bbstretch_row_content_no_spaces\u00bb][vc_column][vc_mad_text_with_image type=\u00bbtype_2&#8243; image=\u00bb1217&#8243; title=\u00bbAcerca de Nosotros\u00bb link=\u00bburl:https%3A%2F%2Felectrostarsrl.com%2F%3Fpage_id%3D178|title:Cont%C3%A1ctanos|target:%20_blank|\u00bb]Nuestra meta desde siempre ha sido el de crear una empresa competitiva, activa e innovadora, lo que sin duda avala nuestra labor y a la vez nos obliga a estar siempre atentos a las evoluciones de nuestro mercado.<\/p>\n<p>La trayectoria creciente de la empresa desde su fundaci\u00f3n en todos los aspectos nos ha permitido ir mejorando la calidad de servicio siendo esta una de nuestras principales preocupaciones.<\/p>\n<p>Electro Star brinda soluciones a todo tipo de clientes desde el instalador hasta grandes empresas, aportando a cada tipo de cliente la soluci\u00f3n a sus necesidades en el preciso momento, siendo el servicio el valor m\u00e1s apreciado por nosotros sin descuidar por ello la relaci\u00f3n calidad-precio.[\/vc_mad_text_with_image][\/vc_column][\/vc_row][vc_row css=\u00bb.vc_custom_1628264237135{padding-bottom: 40px !important;}\u00bb][vc_column][vc_separator el_width=\u00bb80&#8243;][vc_column_text]<\/p>\n<h2>Soluciones Profesionales<\/h2>\n<div class=\"shortcode-dropcap \">Ademas de proveer materiales el\u00e9ctricos y productos de iluminaci\u00f3n, en ElectroStar SRL le brindamos un amplio abanico de soluciones para que encuentre en nosotros un firme aliado para completar sus proyectos.<\/div>\n<p>Entre los principales servicios que brindamos se encuentran:<\/p>\n<div class=\"shortcode-list shortcode-list-check\">\n<ul>\n<li>Cursos<\/li>\n<li>Sistemas de Dom\u00f3tica (Automatizaci\u00f3n)<\/li>\n<li>Armado de Tableros Industriales<\/li>\n<li>Asesoramiento T\u00e9cnico<\/li>\n<li>Asesoramiento Luminot\u00e9cnico en Obra.<\/li>\n<li>Novedades, Exposiciones, Etc.<\/li>\n<\/ul>\n<\/div>\n<p>[\/vc_column_text][\/vc_column][\/vc_row][vc_row full_width=\u00bbstretch_row\u00bb parallax=\u00bbcontent-moving\u00bb parallax_image=\u00bb399&#8243; css=\u00bb.vc_custom_1518435747734{margin-top: 0px !important;margin-bottom: 0px !important;padding-top: 90px !important;padding-bottom: 90px !important;}\u00bb][vc_column][vc_mad_counter values=\u00bb%5B%7B%22info%22%3A%22Profesionales%20en%20nuestro%20equipo%22%2C%22value%22%3A%2230%22%2C%22icon%22%3A%22licon-users%22%2C%22type%22%3A%22type1%22%7D%2C%7B%22info%22%3A%22A%C3%B1os%20de%20Trayectoria%22%2C%22value%22%3A%2230%22%2C%22icon%22%3A%22licon-medal-empty%22%2C%22type%22%3A%22type1%22%7D%2C%7B%22info%22%3A%22Clientes%20Satisfechos%22%2C%22value%22%3A%22%2B500%22%2C%22icon%22%3A%22licon-smile%22%2C%22type%22%3A%22type1%22%7D%2C%7B%22info%22%3A%22Trabajos%20Realizados%22%2C%22value%22%3A%22%2B1300%22%2C%22icon%22%3A%22licon-check%22%2C%22type%22%3A%22type1%22%7D%5D\u00bb title=\u00bbNuestras estad\u00edsticas\u00bb title_color=\u00bb#ffffff\u00bb number_color=\u00bb#47d9bf\u00bb label_color=\u00bb#eeeeee\u00bb info_color=\u00bb#eeeeee\u00bb icon_color=\u00bb#47d9bf\u00bb][\/vc_column][\/vc_row][vc_row css=\u00bb.vc_custom_1532695579252{padding-top: 80px !important;padding-bottom: 80px !important;}\u00bb][vc_column width=\u00bb1\/2&#8243;][vc_column_text]<\/p>\n<h2>Nuestra Logistica<\/h2>\n<p>Inicialmente comenzamos cubriendo la provincia de Buenos Aires y poco a poco fuimos dando peque\u00f1os saltos para poder crear una red de ventas que abarque todos los puntos de nuestro pais Argentina.<\/p>\n<p>Contamos con un sistema de toma de pedidos formado con la \u00faltima\u00a0tecnolog\u00eda, el cual es supervisado por nuestros agentes especializados\u00a0, quienes permiten que la\u00a0mercader\u00eda\u00a0sea entregada 24 hs.\u00a0despu\u00e9s\u00a0de realizado el pedido.<\/p>\n<p>Para el mismo contamos con modernas unidades que garantizaran la entrega de sus materiales en tiempo y forma<\/p>\n<p>Tenga todos los materiales que necesita siempre a tiempo evitando atrasos en su obra.[\/vc_column_text][\/vc_column][vc_column width=\u00bb1\/2&#8243;][vc_single_image image=\u00bb1089&#8243; img_size=\u00bbfull\u00bb alignment=\u00bbcenter\u00bb][\/vc_column][\/vc_row][vc_row css=\u00bb.vc_custom_1532696635034{padding-bottom: 50px !important;}\u00bb][vc_column][vc_separator][vc_mad_brands_logo images=\u00bb1096,1097,1098,1099,1100,1101,1102&#8243; carousel=\u00bb1&#8243; autoplay=\u00bbyes\u00bb autoplaytimeout=\u00bb5000&#8243; title=\u00bbAlgunos de nuestros clientes\u00bb description=\u00bbA todos nuestros clientes los atendemos con la misma importancia y dedicaci\u00f3n que tanto nos destaca.\u00bb][\/vc_column][\/vc_row][vc_row full_width=\u00bbstretch_row_content_no_spaces\u00bb css=\u00bb.vc_custom_1518438346466{margin-top: 0px !important;margin-bottom: 0px !important;padding-top: 0px !important;padding-bottom: 0px !important;}\u00bb][vc_column][vc_mad_services_form title=\u00bbCont\u00e1ctanos!\u00bb phone=\u00bb(011) 15 6460 6266&#8243; title_color=\u00bb#ffffff\u00bb form_add=\u00bb`{`contact-form-7 id=\u00ab279\u00ab title=\u00abService form_2\u00ab`}`\u00bb][\/vc_column][\/vc_row]<\/p>\n","protected":false},"excerpt":{"rendered":"<p>[vc_row full_width=\u00bbstretch_row_content_no_spaces\u00bb][vc_column][vc_mad_text_with_image type=\u00bbtype_2&#8243; image=\u00bb1217&#8243; title=\u00bbAcerca de Nosotros\u00bb link=\u00bburl:https%3A%2F%2Felectrostarsrl.com%2F%3Fpage_id%3D178|title:Cont%C3%A1ctanos|target:%20_blank|\u00bb]Nuestra meta desde siempre ha sido el de crear una empresa competitiva, activa e innovadora, lo que sin duda avala nuestra labor y a la vez nos obliga a estar siempre atentos a las evoluciones de nuestro mercado. La trayectoria creciente de la empresa desde su fundaci\u00f3n en [&hellip;]<\/p>\n","protected":false},"author":1,"featured_media":0,"parent":0,"menu_order":0,"comment_status":"closed","ping_status":"closed","template":"","meta":{"_joinchat":[],"footnotes":""},"_links":{"self":[{"href":"https:\/\/electrostarsrl.com\/index.php?rest_route=\/wp\/v2\/pages\/136"}],"collection":[{"href":"https:\/\/electrostarsrl.com\/index.php?rest_route=\/wp\/v2\/pages"}],"about":[{"href":"https:\/\/electrostarsrl.com\/index.php?rest_route=\/wp\/v2\/types\/page"}],"author":[{"embeddable":true,"href":"https:\/\/electrostarsrl.com\/index.php?rest_route=\/wp\/v2\/users\/1"}],"replies":[{"embeddable":true,"href":"https:\/\/electrostarsrl.com\/index.php?rest_route=%2Fwp%2Fv2%2Fcomments&post=136"}],"version-history":[{"count":21,"href":"https:\/\/electrostarsrl.com\/index.php?rest_route=\/wp\/v2\/pages\/136\/revisions"}],"predecessor-version":[{"id":1224,"href":"https:\/\/electrostarsrl.com\/index.php?rest_route=\/wp\/v2\/pages\/136\/revisions\/1224"}],"wp:attachment":[{"href":"https:\/\/electrostarsrl.com\/index.php?rest_route=%2Fwp%2Fv2%2Fmedia&parent=136"}],"curies":[{"name":"wp","href":"https:\/\/api.w.org\/{rel}","templated":true}]}}